{"id":1228,"date":"2025-12-10T17:21:59","date_gmt":"2025-12-10T14:21:59","guid":{"rendered":"https:\/\/veloria.tezeren.net\/?page_id=1228"},"modified":"2025-12-10T17:21:59","modified_gmt":"2025-12-10T14:21:59","slug":"gizlilik-politikasi","status":"publish","type":"page","link":"https:\/\/veloria.tezeren.net\/index.php\/gizlilik-politikasi\/","title":{"rendered":"Gizlilik Politikas\u0131"},"content":{"rendered":"\n<p>A\u015fa\u011f\u0131daki beyan, hakk\u0131n\u0131zda toplad\u0131\u011f\u0131m\u0131z ki\u015fisel bilgilere ili\u015fkin politikam\u0131z\u0131 a\u00e7\u0131klamaktad\u0131r. Ki\u015fisel bilgilerinizin gizlili\u011fi ve g\u00fcvenli\u011fi konusunda kendinizi g\u00fcvende hissetmenizi istiyoruz. Bu politika Nar-Club a\u011f\u0131n\u0131n tamam\u0131nda y\u00fcr\u00fcrl\u00fcktedir. Bu politika hakk\u0131nda herhangi bir sorunuz varsa, l\u00fctfen bizi +90 544 971 71 66 numaral\u0131 telefondan aramaktan \u00e7ekinmeyin.<\/p>\n\n\n\n<p><strong>Veri Koruma Yasas\u0131 1998 (c29)<\/strong><\/p>\n\n\n\n<p>Nar-Club TURKEY (bundan sonra Nar-Club olarak an\u0131lacakt\u0131r) 1998 tarihli Veri Koruma Yasas\u0131 kapsam\u0131nda kay\u0131tl\u0131d\u0131r, referans: Z7959677. Yasa h\u00fck\u00fcmleri uyar\u0131nca, bilgisayar sistemimizde bulunan herhangi bir ki\u015fisel bilginin ayr\u0131nt\u0131lar\u0131n\u0131 sa\u011flamam\u0131z\u0131 isteyebilirsiniz. Bu bilgiler i\u00e7in bir \u00fccret talep etme hakk\u0131na sahibiz. Hakk\u0131n\u0131zdaki bilgilerden herhangi biri yanl\u0131\u015fsa, bunlar\u0131 de\u011fi\u015ftirmemizi talep edebilirsiniz.<\/p>\n\n\n\n<p>Ki\u015fisel verilerinize eri\u015fim \u2013 Nar-Club taraf\u0131ndan tutulan t\u00fcm ki\u015fisel verilerinizin kopyalar\u0131n\u0131 talep etme hakk\u0131na sahipsiniz, bu kopyalar talepten sonraki 28 g\u00fcn i\u00e7inde size verilecektir. Nar-Club as\u0131ls\u0131z veya a\u015f\u0131r\u0131 talepler i\u00e7in \u00fccret talep etme hakk\u0131n\u0131 sakl\u0131 tutar. Nar-Club\u2019\u0131n ki\u015fisel bilgilerinizi tutmas\u0131n\u0131 art\u0131k istemedi\u011finizi belirtmedi\u011finiz s\u00fcrece, t\u00fcm \u00fcye ve talep bilgilerini veritabanlar\u0131m\u0131zda s\u00fcresiz olarak saklar\u0131z. Yerel&nbsp;<a href=\"https:\/\/www.spice-social.co.uk\/groups\/\">Nar-Club grubunuzla<\/a>&nbsp;ileti\u015fime ge\u00e7erek bu bilgilerin kald\u0131r\u0131lmas\u0131n\u0131 talep etme hakk\u0131na sahipsiniz.<\/p>\n\n\n\n<p><strong>Veri \u0130\u015fleme i\u00e7in Yasal Dayanak<\/strong><\/p>\n\n\n\n<p>Ki\u015fisel verileri i\u015flemek i\u00e7in yasal dayanaklar\u0131m\u0131z \u015funlard\u0131r:<\/p>\n\n\n\n<ol start=\"1\" class=\"wp-block-list\">\n<li><strong>R\u0131za:\u00a0<\/strong>Birey, ki\u015fisel verilerini belirli bir ama\u00e7 do\u011frultusunda i\u015flemeniz i\u00e7in a\u00e7\u0131k bir \u015fekilde onay vermi\u015ftir.<\/li>\n\n\n\n<li>S\u00f6zle\u015fme<strong>:\u00a0<\/strong>\u0130\u015fleme, bireyle yapt\u0131\u011f\u0131n\u0131z bir s\u00f6zle\u015fme i\u00e7in veya birey sizden bir s\u00f6zle\u015fme yapmadan \u00f6nce belirli ad\u0131mlar atman\u0131z\u0131 istedi\u011fi i\u00e7in gereklidir.<\/li>\n\n\n\n<li><strong>Me\u015fru menfaatler:\u00a0<\/strong>Bireyin ki\u015fisel verilerini korumak i\u00e7in bu\u00a0<strong>me\u015fru\u00a0<\/strong>menfaatleri ge\u00e7ersiz k\u0131lan iyi bir neden olmad\u0131k\u00e7a, i\u015fleme sizin me\u015fru menfaatleriniz veya \u00fc\u00e7\u00fcnc\u00fc bir taraf\u0131n me\u015fru menfaatleri i\u00e7in gereklidir. (Resmi g\u00f6revlerinizi yerine getirmek i\u00e7in veri i\u015fleyen bir kamu kurumu iseniz bu durum ge\u00e7erli de\u011fildir).<\/li>\n<\/ol>\n\n\n\n<p><strong>Bilgi Payla\u015f\u0131m\u0131<\/strong><\/p>\n\n\n\n<p>Nar-Club ki\u015fisel bilgilerden olu\u015fan posta listelerini asla \u00fc\u00e7\u00fcnc\u00fc taraflara satmayacakt\u0131r. Uygun \u00fcye bilgileri, etkinlik y\u00f6netimi amac\u0131yla di\u011fer Nar-Club gruplar\u0131, Nar-Club i\u015f ortaklar\u0131 ve rezervasyon yapt\u0131rd\u0131\u011f\u0131n\u0131z etkinliklerin tedarik\u00e7ileri ile payla\u015f\u0131labilir.<\/p>\n\n\n\n<p><strong>\u0130leti\u015fim<\/strong><\/p>\n\n\n\n<p>Ki\u015fisel bilgilerinizi bize bu web sitesi arac\u0131l\u0131\u011f\u0131yla, e-posta, telefon veya posta yoluyla g\u00f6nderdiyseniz, \u00fcyelik veya promosyonlar i\u00e7in yerimiz oldu\u011funda zaman zaman sizinle ileti\u015fime ge\u00e7ebiliriz. Bu t\u00fcr ileti\u015fimleri almak istemiyorsan\u0131z, l\u00fctfen bizi&nbsp;<a href=\"tel:+441618738788\">0161 873 8788<\/a>&nbsp;numaral\u0131 telefondan aray\u0131n veya bilgilerinizi de\u011fi\u015ftirebilir ve g\u00f6sterge paneli alan\u0131ndan kendi gizlilik ayarlar\u0131n\u0131z\u0131 yapabilirsiniz. Bu alanda ayr\u0131ca hakk\u0131n\u0131zda tuttu\u011fumuz t\u00fcm bilgileri de g\u00f6r\u00fcnt\u00fcleyebilirsiniz.<\/p>\n\n\n\n<p><strong>Sosyal Medya<\/strong><\/p>\n\n\n\n<p>Yasal \u00fcyelik y\u00fck\u00fcml\u00fcl\u00fcklerimizin \u00f6tesinde \u00fcyelere ek bir hizmet olarak, Nar-Club sosyal medya ileti\u015fiminin \u00e7o\u011funu Facebook \u00fczerinden ger\u00e7ekle\u015ftirmektedir. Ana&nbsp;<a href=\"https:\/\/www.facebook.com\/spicesocialuk\" target=\"_blank\" rel=\"noreferrer noopener\">Nar-Club TURKEY Facebook<\/a>&nbsp;sayfas\u0131, her grubun kendi sayfas\u0131 ve bir etkinlik grubu sayfas\u0131 bulunmaktad\u0131r. Nar-Club herhangi bir payla\u015f\u0131m\u0131 izleme ve \u00fcyelerden payla\u015f\u0131m\u0131 d\u00fczenlemelerini ya da silmelerini talep etme hakk\u0131n\u0131 sakl\u0131 tutar.<\/p>\n\n\n\n<p><strong>\u00dcye Rezervasyonlar\u0131<\/strong><\/p>\n\n\n\n<p>Bir \u00fcye bir etkinlik i\u00e7in rezervasyon yapt\u0131\u011f\u0131nda, ad\u0131, etkinlik i\u00e7in rezervasyon yapan di\u011fer \u00fcyeleri g\u00f6steren \u201cKimler Gidiyor\u201d listesinde g\u00f6sterilecektir. Bu ayr\u0131nt\u0131lar yaln\u0131zca bir \u00fcye sisteme giri\u015f yapt\u0131\u011f\u0131nda ve etkinli\u011fi veya tatili sat\u0131n ald\u0131\u011f\u0131nda g\u00f6r\u00fcnt\u00fclenebilir. Nar-Club bir \u201ckul\u00fcp hissi\u201d yaratmay\u0131 ama\u00e7lamaktad\u0131r ve bu sistemin uzun y\u0131llar boyunca iyi \u00e7al\u0131\u015ft\u0131\u011f\u0131n\u0131 ve \u00fcyelerin arkada\u015flar\u0131n\u0131n hangi etkinliklere rezervasyon yapt\u0131rd\u0131\u011f\u0131n\u0131 g\u00f6rmelerini sa\u011flad\u0131\u011f\u0131n\u0131 g\u00f6rd\u00fck.<\/p>\n\n\n\n<p>Ancak, baz\u0131 \u00fcyelerin bu bilgilerin a\u00e7\u0131klanmas\u0131n\u0131 istemeyebilece\u011finin fark\u0131nday\u0131z ve bu bilgiler \u00fcye taraf\u0131ndan giri\u015f yapt\u0131klar\u0131nda profil b\u00f6l\u00fcmlerinde saklanabilir. Bu se\u00e7ene\u011fi tercih etmeyen \u00fcyelerin ki\u015fisel bilgileri g\u00f6sterilmeyecektir. Gizlilik ayarlar\u0131n\u0131z\u0131 istedi\u011finiz zaman profilinizin kontrol paneli b\u00f6l\u00fcm\u00fcnden de\u011fi\u015ftirebilirsiniz.<\/p>\n\n\n\n<p><strong>Etkinlik Organizat\u00f6rleri<\/strong><\/p>\n\n\n\n<p>Nar-Club, belirli bir etkinlik i\u00e7in rezervasyon yapt\u0131ran \u00fcyeler ve misafirler hakk\u0131ndaki ki\u015fisel bilgileri, ister ba\u015fka bir Nar-Club grubu ister ba\u011f\u0131ms\u0131z bir tedarik\u00e7i olsun, s\u00f6z konusu etkinli\u011fin tedarik\u00e7isine sa\u011flayabilir. Bu bilgiler, etkinliklerde \u00fcyelerin konforu ve g\u00fcvenli\u011fi i\u00e7in diyet gereksinimleri, t\u0131bbi durumlar ve oda talepleri ile ilgili ayr\u0131nt\u0131lardan olu\u015facak ve di\u011fer gruplar veya tedarik\u00e7iler taraf\u0131ndan ba\u015fka ama\u00e7larla kullan\u0131lmayacakt\u0131r.<\/p>\n\n\n\n<p><strong>Web Sitesi \u00dcye Olmayanlar \/ Genel Alan<\/strong><\/p>\n\n\n\n<p>\u00dcye olmayanlar, \u00fcyelerin isimlerini ve ki\u015fisel ileti\u015fim bilgilerini i\u00e7eren alanlara eri\u015femeyecektir. \u00dcyelerin alan\u0131na eri\u015fim i\u00e7in bir \u015fifre ve \u00fcyelik numaras\u0131 gereklidir.<\/p>\n\n\n\n<p>Nar-Club\u2019a web sitesi \u00fczerinden herhangi bir talepte bulunursan\u0131z, girdi\u011finiz bilgiler sistemlerimizde saklanacak ve sizinle e-posta yoluyla ileti\u015fime ge\u00e7ilecektir. Bilgilerinizin sistemimizden kald\u0131r\u0131lmas\u0131n\u0131 istiyorsan\u0131z, l\u00fctfen&nbsp;<a href=\"mailto:team@spiceuk.com\">team@Nar-ClubTurkey.com<\/a>&nbsp;adresine e-posta g\u00f6ndererek bizimle ileti\u015fime ge\u00e7in.<\/p>\n\n\n\n<p><strong>\u00c7erezler<\/strong><\/p>\n\n\n\n<p>Bu site \u00e7erezleri kullanmaktad\u0131r. \u00c7erezler, bir web sitesi taraf\u0131ndan bir web taray\u0131c\u0131s\u0131na verilen ve daha sonra bilgisayar\u0131n\u0131zda depolanan mesajlard\u0131r. Bir \u00e7erezin ana amac\u0131, kullan\u0131c\u0131lar\u0131 tan\u0131mlamak ve web sayfalar\u0131n\u0131 \u00f6zelle\u015ftirerek ziyaretlerini ki\u015fiselle\u015ftirmektir. Web siteleri yaln\u0131zca o web sitesi taraf\u0131ndan b\u0131rak\u0131lan \u00e7erezleri okuyabilir. Di\u011fer web siteleri taraf\u0131ndan b\u0131rak\u0131lan \u00e7erezleri okuyamazlar ve bilgisayar\u0131n\u0131zda depolanan di\u011fer ki\u015fisel bilgileri okuyamazlar.<\/p>\n\n\n\n<p>Online rezervasyon sistemimizi kullanarak kay\u0131t olurken \u201cBeni Hat\u0131rla\u201d kutucu\u011funu i\u015faretlerseniz, bilgisayar\u0131n\u0131za giri\u015f bilgilerinizi i\u00e7eren bir \u00e7erez kaydedilecek, b\u00f6ylece bu siteyi bir sonraki ziyaretinizde giri\u015finiz otomatik olarak yap\u0131lacakt\u0131r. \u201cBeni Hat\u0131rla\u201d kutusuna t\u0131klamazsan\u0131z, \u00fcyelik numaran\u0131z\u0131 ve \u015fifrenizi manuel olarak girerek giri\u015f yapmaya devam edebilirsiniz. Bu web sitesine herkese a\u00e7\u0131k bir bilgisayardan eri\u015fiyorsan\u0131z \u201cBeni Hat\u0131rla\u201d se\u00e7ene\u011fini t\u0131klamaman\u0131z\u0131 \u00f6neririz.<\/p>\n\n\n\n<p>Taray\u0131c\u0131n\u0131z arac\u0131l\u0131\u011f\u0131yla istedi\u011finiz zaman \u00e7erezleri genel olarak devre d\u0131\u015f\u0131 b\u0131rakmay\u0131 se\u00e7ebilirsiniz. Ancak bu, \u00fcye alan\u0131na giri\u015f yapman\u0131z\u0131 engelleyebilir ve web sitemiz i\u00e7in \u00e7erezlerin her zaman etkinle\u015ftirilmesini \u00f6neririz (baz\u0131 taray\u0131c\u0131lar, kullan\u0131mlar\u0131n\u0131 k\u0131s\u0131tlamay\u0131 tercih ederseniz, hangi sitelerin \u00e7erez kullanmas\u0131na izin verece\u011finizi belirlemenize izin verir).<\/p>\n\n\n\n<p><strong>Otomatik Olarak Kaydedilen Bilgiler<\/strong><\/p>\n\n\n\n<p>Bu sitenin ka\u00e7 kez ziyaret edildi\u011fi ve bilgisayar\u0131n\u0131z\u0131n IP (\u0130nternet Protokol\u00fc) adresi hakk\u0131ndaki bilgileri kaydedebiliriz. Bu sizin hakk\u0131n\u0131zda herhangi bir ki\u015fisel bilgi i\u00e7ermez, ancak web sitesinin pop\u00fcler b\u00f6l\u00fcmlerinin ne kadar pop\u00fcler oldu\u011fu hakk\u0131nda istatistikleri analiz etmemize olanak tan\u0131r. Bu, web sitesini daha da geli\u015ftirmemize olanak sa\u011flayacakt\u0131r.<\/p>\n\n\n\n<p><strong>Banka ve Kredi Kartlar\u0131<\/strong><\/p>\n\n\n\n<p>T\u00fcm kredi kart\u0131 i\u015flemleri g\u00fcvenli bir sunucu \u00fczerinden kaydedilir. Normalde Internet Explorer\u2019\u0131n durum \u00e7ubu\u011funda asma kilit gibi bunun bir g\u00f6stergesini g\u00f6r\u00fcrs\u00fcn\u00fcz. Herhangi bir nedenle asma kilit veya benzeri bir g\u00f6sterge g\u00f6r\u00fcnm\u00fcyorsa (\u00f6rne\u011fin, sitenin bir b\u00f6l\u00fcm\u00fc iframe kullan\u0131yorsa), g\u00fcvenlik ayr\u0131nt\u0131lar\u0131n\u0131 incelemek i\u00e7in fareyle sa\u011f t\u0131klay\u0131p \u201c\u00f6zellikler \u201ci se\u00e7ebilirsiniz.<\/p>\n\n\n\n<p><strong>E-posta Adresleri ve SMS<\/strong><\/p>\n\n\n\n<p>Nar-Club, belirli etkinliklere rezervasyon yapt\u0131ran \u00fcyelerle ileti\u015fim kurmak ve \u00fcyeleri yakla\u015fan etkinlikler hakk\u0131nda bilgilendirmek i\u00e7in e-posta ve SMS kullanmaktad\u0131r. Ayr\u0131ca g\u00fcncellemeleri, genel haberleri ve etkinlik bilgilerini \u00fcyelere bildirmek i\u00e7in de e-posta ve SMS kullan\u0131yoruz. Politikam\u0131z, e-postalar\u0131 ve SMS\u2019leri minimumda tutmak ve yaln\u0131zca s\u00f6yleyecek de\u011ferli bir \u015feyimiz oldu\u011funda \u00fcyelerle ileti\u015fim kurmakt\u0131r. Size herhangi bir spam g\u00f6ndermek istemiyoruz. Bunun \u00fcyeler i\u00e7in de\u011ferli bir hizmet oldu\u011funa ve Nar-Club\u2019a sunabilece\u011fimiz etkinliklerin t\u00fcr\u00fc ve zamanlamas\u0131 konusunda daha fazla esneklik sa\u011flad\u0131\u011f\u0131na inan\u0131yoruz. Herhangi bir \u00fcyenin bu t\u00fcr ileti\u015fimleri almamay\u0131 tercih etmesi halinde, l\u00fctfen&nbsp;<a href=\"https:\/\/www.spice-social.co.uk\/contact-us\/\">bizimle ileti\u015fime<\/a>&nbsp;ge\u00e7in. \u00dcyeler ayr\u0131ca \u00e7evrimi\u00e7i veritaban\u0131 sisteminde oturum a\u00e7mak ve rezervasyonlar gibi baz\u0131 geli\u015fmi\u015f \u00f6zelliklere eri\u015fmek i\u00e7in bir e-posta adresine ihtiya\u00e7 duyacakt\u0131r.<\/p>\n\n\n\n<p>\u00dcye olmayanlar \u2013 Nar-Club hakk\u0131nda bir ara\u015ft\u0131rma yaparsan\u0131z ve Nar-Club\u2019a e-posta adresinizi ve\/veya cep telefonu numaran\u0131z\u0131 verirseniz, ilginizi \u00e7ekebilece\u011fini d\u00fc\u015f\u00fcnd\u00fc\u011f\u00fcm\u00fcz Nar-Club etkinlikleri hakk\u0131nda bilgi vermek i\u00e7in zaman zaman size e-posta veya SMS mesajlar\u0131 g\u00f6nderebiliriz. Nar-Club\u2019dan e-posta veya SMS mesajlar\u0131 almak istemiyorsan\u0131z, l\u00fctfen&nbsp;<a href=\"https:\/\/www.spice-social.co.uk\/contact-us\/\">bizimle ileti\u015fime ge\u00e7in<\/a>.<\/p>\n\n\n\n<p><strong>Foto\u011fraflar<\/strong><\/p>\n\n\n\n<p>Nar-Club etkinliklerine kat\u0131lan herkes filme al\u0131nabilece\u011fini ve\/veya foto\u011fraflar\u0131n\u0131n \u00e7ekilebilece\u011fini kabul eder ve g\u00f6r\u00fcnt\u00fcn\u00fcz\u00fc (veya grup rezervasyonunuzdaki ki\u015fileri) \u00fccretsiz olarak kullanmam\u0131z i\u00e7in bize t\u00fcm haklar\u0131 verir. Nar-Club personeli, temsilcilerimiz taraf\u0131ndan \u00e7ekilen veya \u00fcyelerden al\u0131nan foto\u011fraf ve videolar\u0131 web sitemizde ve Nar-Club a\u011f\u0131ndaki tan\u0131t\u0131m materyallerinde yay\u0131nlayabiliriz. Foto\u011fraflar\u0131 etkinliklere kat\u0131lan di\u011fer \u00fcyelerle ve Nar-Club ve yapt\u0131klar\u0131m\u0131z hakk\u0131nda daha fazla bilgi edinmek isteyen yeni talep sahipleriyle payla\u015fmak bizim i\u00e7in \u00f6nemlidir. Kullan\u0131lan t\u00fcm foto\u011fraflar\u0131n her zaman iyi bir zevke sahip olmas\u0131n\u0131 ve rahats\u0131z edici olmamas\u0131n\u0131 sa\u011flamaya \u00e7al\u0131\u015faca\u011f\u0131z. Ancak, kullan\u0131lmas\u0131n\u0131 istemedi\u011finiz bir foto\u011fraf g\u00f6r\u00fcrseniz, l\u00fctfen en ge\u00e7 15 g\u00fcn i\u00e7inde gerek\u00e7e ve ayr\u0131nt\u0131lar\u0131yla birlikte&nbsp;<a href=\"https:\/\/www.spice-social.co.uk\/contact-us\/\">bizimle ileti\u015fime<\/a>&nbsp;ge\u00e7in. Web foto\u011fraflar\u0131 s\u00f6z konusu oldu\u011funda, bunlar\u0131 m\u00fcmk\u00fcn olan en k\u0131sa s\u00fcrede de\u011ferlendirece\u011fiz ve gerekli g\u00f6r\u00fcrsek kald\u0131raca\u011f\u0131z ve bas\u0131l\u0131 materyaller s\u00f6z konusu oldu\u011funda, foto\u011fraf\u0131n daha sonraki bask\u0131larda kullan\u0131lmamas\u0131n\u0131 sa\u011flayaca\u011f\u0131z.<\/p>\n\n\n\n<p><strong>Eri\u015febilece\u011finiz Bilgiler<\/strong><\/p>\n\n\n\n<p>Bir \u00fcye \u00e7evrimi\u00e7i rezervasyon sistemine giri\u015f yapt\u0131\u011f\u0131nda, \u00fcyelerin mevcut rezervasyonlar\u0131n\u0131n ayr\u0131nt\u0131lar\u0131n\u0131 g\u00f6sterecek ve \u00fcyelerin \u015fifrelerini de\u011fi\u015ftirmelerine izin verecektir. Giri\u015f yap\u0131ld\u0131\u011f\u0131nda, bu bilgilere g\u00f6sterge tablosu ayr\u0131nt\u0131lar\u0131na t\u0131klanarak her zaman eri\u015filebilir. Bu alanda ki\u015fisel bilgilerinize eri\u015febilir, bunlar\u0131 de\u011fi\u015ftirebilir veya \u015fifrenizi s\u0131f\u0131rlayabilirsiniz.<\/p>\n\n\n\n<p><strong>Di\u011fer Sitelere Ba\u011flant\u0131lar<\/strong><\/p>\n\n\n\n<p>Bu site, bu siteyi ziyaret edenlerin ilgisini \u00e7ekebilecek di\u011fer sitelere ba\u011flant\u0131lar i\u00e7ermektedir. Ancak, Nar-Club bu t\u00fcr sitelerin i\u00e7eriklerinden veya uygulamalar\u0131ndan sorumlu tutulamaz.<\/p>\n\n\n\n<p><strong>Yasal<\/strong><\/p>\n\n\n\n<p>Bu web sitesi T\u00fcrk Hukuku alt\u0131nda faaliyet g\u00f6stermektedir ve T\u00fcrkiye\u2019nin yarg\u0131 yetkisine tabidir.<\/p>\n","protected":false},"excerpt":{"rendered":"<p>A\u015fa\u011f\u0131daki beyan, hakk\u0131n\u0131zda toplad\u0131\u011f\u0131m\u0131z ki\u015fisel bilgilere ili\u015fkin politikam\u0131z\u0131 a\u00e7\u0131klamaktad\u0131r. Ki\u015fisel bilgilerinizin gizlili\u011fi ve g\u00fcvenli\u011fi konusunda kendinizi g\u00fcvende hissetmenizi istiyoruz. Bu politika Nar-Club a\u011f\u0131n\u0131n tamam\u0131nda y\u00fcr\u00fcrl\u00fcktedir. Bu politika hakk\u0131nda herhangi bir sorunuz varsa, l\u00fctfen bizi +90 544 971 71 66 numaral\u0131 telefondan aramaktan \u00e7ekinmeyin. Veri Koruma&#8230;<\/p>\n","protected":false},"author":1,"featured_media":0,"parent":0,"menu_order":0,"comment_status":"closed","ping_status":"closed","template":"","meta":{"content-type":"","_price":"","_stock":"","_tribe_ticket_header":"","_tribe_default_ticket_provider":"","_ticket_start_date":"","_ticket_end_date":"","_tribe_ticket_show_description":"","_tribe_ticket_show_not_going":false,"_tribe_ticket_use_global_stock":"","_tribe_ticket_global_stock_level":"","_global_stock_mode":"","_global_stock_cap":"","_tribe_rsvp_for_event":"","_tribe_ticket_going_count":"","_tribe_ticket_not_going_count":"","_tribe_tickets_list":"[]","_tribe_ticket_has_attendee_info_fields":false,"footnotes":""},"class_list":["post-1228","page","type-page","status-publish","hentry"],"yoast_head":"<!-- This site is optimized with the Yoast SEO plugin v27.0 - https:\/\/yoast.com\/product\/yoast-seo-wordpress\/ -->\n<title>Gizlilik Politikas\u0131 - veloria.tezeren.net<\/title>\n<meta name=\"robots\" content=\"index, follow, max-snippet:-1, max-image-preview:large, max-video-preview:-1\" \/>\n<link rel=\"canonical\" href=\"https:\/\/veloria.tezeren.net\/index.php\/gizlilik-politikasi\/\" \/>\n<meta property=\"og:locale\" content=\"tr_TR\" \/>\n<meta property=\"og:type\" content=\"article\" \/>\n<meta property=\"og:title\" content=\"Gizlilik Politikas\u0131 - veloria.tezeren.net\" \/>\n<meta property=\"og:description\" content=\"A\u015fa\u011f\u0131daki beyan, hakk\u0131n\u0131zda toplad\u0131\u011f\u0131m\u0131z ki\u015fisel bilgilere ili\u015fkin politikam\u0131z\u0131 a\u00e7\u0131klamaktad\u0131r. Ki\u015fisel bilgilerinizin gizlili\u011fi ve g\u00fcvenli\u011fi konusunda kendinizi g\u00fcvende hissetmenizi istiyoruz. Bu politika Nar-Club a\u011f\u0131n\u0131n tamam\u0131nda y\u00fcr\u00fcrl\u00fcktedir. Bu politika hakk\u0131nda herhangi bir sorunuz varsa, l\u00fctfen bizi +90 544 971 71 66 numaral\u0131 telefondan aramaktan \u00e7ekinmeyin. Veri Koruma...\" \/>\n<meta property=\"og:url\" content=\"https:\/\/veloria.tezeren.net\/index.php\/gizlilik-politikasi\/\" \/>\n<meta property=\"og:site_name\" content=\"veloria.tezeren.net\" \/>\n<meta name=\"twitter:card\" content=\"summary_large_image\" \/>\n<meta name=\"twitter:label1\" content=\"Tahmini okuma s\u00fcresi\" \/>\n\t<meta name=\"twitter:data1\" content=\"8 dakika\" \/>\n<script type=\"application\/ld+json\" class=\"yoast-schema-graph\">{\"@context\":\"https:\/\/schema.org\",\"@graph\":[{\"@type\":\"WebPage\",\"@id\":\"https:\/\/veloria.tezeren.net\/index.php\/gizlilik-politikasi\/\",\"url\":\"https:\/\/veloria.tezeren.net\/index.php\/gizlilik-politikasi\/\",\"name\":\"Gizlilik Politikas\u0131 - veloria.tezeren.net\",\"isPartOf\":{\"@id\":\"https:\/\/veloria.tezeren.net\/#website\"},\"datePublished\":\"2025-12-10T14:21:59+00:00\",\"breadcrumb\":{\"@id\":\"https:\/\/veloria.tezeren.net\/index.php\/gizlilik-politikasi\/#breadcrumb\"},\"inLanguage\":\"tr\",\"potentialAction\":[{\"@type\":\"ReadAction\",\"target\":[\"https:\/\/veloria.tezeren.net\/index.php\/gizlilik-politikasi\/\"]}]},{\"@type\":\"BreadcrumbList\",\"@id\":\"https:\/\/veloria.tezeren.net\/index.php\/gizlilik-politikasi\/#breadcrumb\",\"itemListElement\":[{\"@type\":\"ListItem\",\"position\":1,\"name\":\"Anasayfa\",\"item\":\"https:\/\/veloria.tezeren.net\/\"},{\"@type\":\"ListItem\",\"position\":2,\"name\":\"Gizlilik Politikas\u0131\"}]},{\"@type\":\"WebSite\",\"@id\":\"https:\/\/veloria.tezeren.net\/#website\",\"url\":\"https:\/\/veloria.tezeren.net\/\",\"name\":\"Veloria-Club\",\"description\":\"\",\"publisher\":{\"@id\":\"https:\/\/veloria.tezeren.net\/#organization\"},\"potentialAction\":[{\"@type\":\"SearchAction\",\"target\":{\"@type\":\"EntryPoint\",\"urlTemplate\":\"https:\/\/veloria.tezeren.net\/?s={search_term_string}\"},\"query-input\":{\"@type\":\"PropertyValueSpecification\",\"valueRequired\":true,\"valueName\":\"search_term_string\"}}],\"inLanguage\":\"tr\"},{\"@type\":\"Organization\",\"@id\":\"https:\/\/veloria.tezeren.net\/#organization\",\"name\":\"Veloria-Club\",\"url\":\"https:\/\/veloria.tezeren.net\/\",\"logo\":{\"@type\":\"ImageObject\",\"inLanguage\":\"tr\",\"@id\":\"https:\/\/veloria.tezeren.net\/#\/schema\/logo\/image\/\",\"url\":\"https:\/\/mlfkc68uimex.i.optimole.com\/w:256\/h:128\/q:mauto\/f:best\/https:\/\/veloria.tezeren.net\/wp-content\/uploads\/2025\/12\/VELORIA-Black-Ellypse-256-x-128-px.png\",\"contentUrl\":\"https:\/\/mlfkc68uimex.i.optimole.com\/w:256\/h:128\/q:mauto\/f:best\/https:\/\/veloria.tezeren.net\/wp-content\/uploads\/2025\/12\/VELORIA-Black-Ellypse-256-x-128-px.png\",\"width\":256,\"height\":128,\"caption\":\"Veloria-Club\"},\"image\":{\"@id\":\"https:\/\/veloria.tezeren.net\/#\/schema\/logo\/image\/\"}}]}<\/script>\n<!-- \/ Yoast SEO plugin. -->","yoast_head_json":{"title":"Gizlilik Politikas\u0131 - veloria.tezeren.net","robots":{"index":"index","follow":"follow","max-snippet":"max-snippet:-1","max-image-preview":"max-image-preview:large","max-video-preview":"max-video-preview:-1"},"canonical":"https:\/\/veloria.tezeren.net\/index.php\/gizlilik-politikasi\/","og_locale":"tr_TR","og_type":"article","og_title":"Gizlilik Politikas\u0131 - veloria.tezeren.net","og_description":"A\u015fa\u011f\u0131daki beyan, hakk\u0131n\u0131zda toplad\u0131\u011f\u0131m\u0131z ki\u015fisel bilgilere ili\u015fkin politikam\u0131z\u0131 a\u00e7\u0131klamaktad\u0131r. Ki\u015fisel bilgilerinizin gizlili\u011fi ve g\u00fcvenli\u011fi konusunda kendinizi g\u00fcvende hissetmenizi istiyoruz. Bu politika Nar-Club a\u011f\u0131n\u0131n tamam\u0131nda y\u00fcr\u00fcrl\u00fcktedir. Bu politika hakk\u0131nda herhangi bir sorunuz varsa, l\u00fctfen bizi +90 544 971 71 66 numaral\u0131 telefondan aramaktan \u00e7ekinmeyin. Veri Koruma...","og_url":"https:\/\/veloria.tezeren.net\/index.php\/gizlilik-politikasi\/","og_site_name":"veloria.tezeren.net","twitter_card":"summary_large_image","twitter_misc":{"Tahmini okuma s\u00fcresi":"8 dakika"},"schema":{"@context":"https:\/\/schema.org","@graph":[{"@type":"WebPage","@id":"https:\/\/veloria.tezeren.net\/index.php\/gizlilik-politikasi\/","url":"https:\/\/veloria.tezeren.net\/index.php\/gizlilik-politikasi\/","name":"Gizlilik Politikas\u0131 - veloria.tezeren.net","isPartOf":{"@id":"https:\/\/veloria.tezeren.net\/#website"},"datePublished":"2025-12-10T14:21:59+00:00","breadcrumb":{"@id":"https:\/\/veloria.tezeren.net\/index.php\/gizlilik-politikasi\/#breadcrumb"},"inLanguage":"tr","potentialAction":[{"@type":"ReadAction","target":["https:\/\/veloria.tezeren.net\/index.php\/gizlilik-politikasi\/"]}]},{"@type":"BreadcrumbList","@id":"https:\/\/veloria.tezeren.net\/index.php\/gizlilik-politikasi\/#breadcrumb","itemListElement":[{"@type":"ListItem","position":1,"name":"Anasayfa","item":"https:\/\/veloria.tezeren.net\/"},{"@type":"ListItem","position":2,"name":"Gizlilik Politikas\u0131"}]},{"@type":"WebSite","@id":"https:\/\/veloria.tezeren.net\/#website","url":"https:\/\/veloria.tezeren.net\/","name":"Veloria-Club","description":"","publisher":{"@id":"https:\/\/veloria.tezeren.net\/#organization"},"potentialAction":[{"@type":"SearchAction","target":{"@type":"EntryPoint","urlTemplate":"https:\/\/veloria.tezeren.net\/?s={search_term_string}"},"query-input":{"@type":"PropertyValueSpecification","valueRequired":true,"valueName":"search_term_string"}}],"inLanguage":"tr"},{"@type":"Organization","@id":"https:\/\/veloria.tezeren.net\/#organization","name":"Veloria-Club","url":"https:\/\/veloria.tezeren.net\/","logo":{"@type":"ImageObject","inLanguage":"tr","@id":"https:\/\/veloria.tezeren.net\/#\/schema\/logo\/image\/","url":"https:\/\/mlfkc68uimex.i.optimole.com\/w:256\/h:128\/q:mauto\/f:best\/https:\/\/veloria.tezeren.net\/wp-content\/uploads\/2025\/12\/VELORIA-Black-Ellypse-256-x-128-px.png","contentUrl":"https:\/\/mlfkc68uimex.i.optimole.com\/w:256\/h:128\/q:mauto\/f:best\/https:\/\/veloria.tezeren.net\/wp-content\/uploads\/2025\/12\/VELORIA-Black-Ellypse-256-x-128-px.png","width":256,"height":128,"caption":"Veloria-Club"},"image":{"@id":"https:\/\/veloria.tezeren.net\/#\/schema\/logo\/image\/"}}]}},"_links":{"self":[{"href":"https:\/\/veloria.tezeren.net\/index.php\/wp-json\/wp\/v2\/pages\/1228","targetHints":{"allow":["GET"]}}],"collection":[{"href":"https:\/\/veloria.tezeren.net\/index.php\/wp-json\/wp\/v2\/pages"}],"about":[{"href":"https:\/\/veloria.tezeren.net\/index.php\/wp-json\/wp\/v2\/types\/page"}],"author":[{"embeddable":true,"href":"https:\/\/veloria.tezeren.net\/index.php\/wp-json\/wp\/v2\/users\/1"}],"replies":[{"embeddable":true,"href":"https:\/\/veloria.tezeren.net\/index.php\/wp-json\/wp\/v2\/comments?post=1228"}],"version-history":[{"count":1,"href":"https:\/\/veloria.tezeren.net\/index.php\/wp-json\/wp\/v2\/pages\/1228\/revisions"}],"predecessor-version":[{"id":1229,"href":"https:\/\/veloria.tezeren.net\/index.php\/wp-json\/wp\/v2\/pages\/1228\/revisions\/1229"}],"wp:attachment":[{"href":"https:\/\/veloria.tezeren.net\/index.php\/wp-json\/wp\/v2\/media?parent=1228"}],"curies":[{"name":"wp","href":"https:\/\/api.w.org\/{rel}","templated":true}]}}