{"id":626,"date":"2019-10-04T08:25:11","date_gmt":"2019-10-04T08:25:11","guid":{"rendered":"https:\/\/bridge262.qodeinteractive.com\/?page_id=24"},"modified":"2025-12-18T12:33:05","modified_gmt":"2025-12-18T09:33:05","slug":"home","status":"publish","type":"page","link":"https:\/\/veloria.tezeren.net\/","title":{"rendered":"Home"},"content":{"rendered":"<p>Bu i\u00e7eri\u011fi g\u00f6rmek i\u00e7in giri\u015f yapman\u0131z l\u00e2z\u0131m!<\/p>\n","protected":false},"excerpt":{"rendered":"<p>Bu i\u00e7eri\u011fi g\u00f6rmek i\u00e7in giri\u015f yapman\u0131z l\u00e2z\u0131m!<\/p>\n","protected":false},"author":1,"featured_media":0,"parent":0,"menu_order":0,"comment_status":"closed","ping_status":"closed","template":"elementor_header_footer","meta":{"content-type":"","_price":"","_stock":"","_tribe_ticket_header":"","_tribe_default_ticket_provider":"","_ticket_start_date":"","_ticket_end_date":"","_tribe_ticket_show_description":"","_tribe_ticket_show_not_going":false,"_tribe_ticket_use_global_stock":"","_tribe_ticket_global_stock_level":"","_global_stock_mode":"","_global_stock_cap":"","_tribe_rsvp_for_event":"","_tribe_ticket_going_count":"","_tribe_ticket_not_going_count":"","_tribe_tickets_list":"[]","_tribe_ticket_has_attendee_info_fields":false,"footnotes":""},"class_list":["post-626","page","type-page","status-publish","hentry","cat_gezi-seyahat","cat_kultur-sanat","cat_yemek-eglence"],"yoast_head":"<!-- This site is optimized with the Yoast SEO plugin v27.0 - https:\/\/yoast.com\/product\/yoast-seo-wordpress\/ -->\n<title>Home - veloria.tezeren.net<\/title>\n<meta name=\"description\" content=\"Veloria-Club, \u0130stanbul\u2019un sadece se\u00e7kin kad\u0131nlar\u0131ndan olu\u015fan k\u00fclt\u00fcr &amp; sanat aktiviteleri, butik gezi ve etkinlikler sunan \u00f6zel bir kul\u00fcpt\u00fcr.\" \/>\n<meta name=\"robots\" content=\"index, follow, max-snippet:-1, max-image-preview:large, max-video-preview:-1\" \/>\n<link rel=\"canonical\" href=\"https:\/\/veloria.tezeren.net\/\" \/>\n<meta property=\"og:locale\" content=\"tr_TR\" \/>\n<meta property=\"og:type\" content=\"article\" \/>\n<meta property=\"og:title\" content=\"Home - veloria.tezeren.net\" \/>\n<meta property=\"og:description\" content=\"Veloria-Club, \u0130stanbul\u2019un sadece se\u00e7kin kad\u0131nlar\u0131ndan olu\u015fan k\u00fclt\u00fcr &amp; sanat aktiviteleri, butik gezi ve etkinlikler sunan \u00f6zel bir kul\u00fcpt\u00fcr.\" \/>\n<meta property=\"og:url\" content=\"https:\/\/veloria.tezeren.net\/\" \/>\n<meta property=\"og:site_name\" content=\"veloria.tezeren.net\" \/>\n<meta property=\"article:modified_time\" content=\"2025-12-18T09:33:05+00:00\" \/>\n<meta property=\"og:image\" content=\"https:\/\/mlfkc68uimex.i.optimole.com\/w:auto\/h:auto\/q:mauto\/f:best\/https:\/\/veloria.tezeren.net\/wp-content\/uploads\/2025\/12\/tezeren_high-end_lifestyle_photography_of_a_joyful_group_of_8_b5c33d0e-c241-41eb-aa5a-87762f55df65_0.png\" \/>\n<meta name=\"twitter:card\" content=\"summary_large_image\" \/>\n<meta name=\"twitter:label1\" content=\"Tahmini okuma s\u00fcresi\" \/>\n\t<meta name=\"twitter:data1\" content=\"7 dakika\" \/>\n<script type=\"application\/ld+json\" class=\"yoast-schema-graph\">{\"@context\":\"https:\/\/schema.org\",\"@graph\":[{\"@type\":\"WebPage\",\"@id\":\"https:\/\/veloria.tezeren.net\/\",\"url\":\"https:\/\/veloria.tezeren.net\/\",\"name\":\"Home - veloria.tezeren.net\",\"isPartOf\":{\"@id\":\"https:\/\/veloria.tezeren.net\/#website\"},\"primaryImageOfPage\":{\"@id\":\"https:\/\/veloria.tezeren.net\/#primaryimage\"},\"image\":{\"@id\":\"https:\/\/veloria.tezeren.net\/#primaryimage\"},\"thumbnailUrl\":\"https:\/\/mlfkc68uimex.i.optimole.com\/w:auto\/h:auto\/q:mauto\/f:best\/https:\/\/veloria.tezeren.net\/wp-content\/uploads\/2025\/12\/tezeren_high-end_lifestyle_photography_of_a_joyful_group_of_8_b5c33d0e-c241-41eb-aa5a-87762f55df65_0.png\",\"datePublished\":\"2019-10-04T08:25:11+00:00\",\"dateModified\":\"2025-12-18T09:33:05+00:00\",\"description\":\"Veloria-Club, \u0130stanbul\u2019un sadece se\u00e7kin kad\u0131nlar\u0131ndan olu\u015fan k\u00fclt\u00fcr & sanat aktiviteleri, butik gezi ve etkinlikler sunan \u00f6zel bir kul\u00fcpt\u00fcr.\",\"breadcrumb\":{\"@id\":\"https:\/\/veloria.tezeren.net\/#breadcrumb\"},\"inLanguage\":\"tr\",\"potentialAction\":[{\"@type\":\"ReadAction\",\"target\":[\"https:\/\/veloria.tezeren.net\/\"]}]},{\"@type\":\"ImageObject\",\"inLanguage\":\"tr\",\"@id\":\"https:\/\/veloria.tezeren.net\/#primaryimage\",\"url\":\"https:\/\/mlfkc68uimex.i.optimole.com\/w:auto\/h:auto\/q:mauto\/f:best\/https:\/\/veloria.tezeren.net\/wp-content\/uploads\/2025\/12\/tezeren_high-end_lifestyle_photography_of_a_joyful_group_of_8_b5c33d0e-c241-41eb-aa5a-87762f55df65_0.png\",\"contentUrl\":\"https:\/\/mlfkc68uimex.i.optimole.com\/w:auto\/h:auto\/q:mauto\/f:best\/https:\/\/veloria.tezeren.net\/wp-content\/uploads\/2025\/12\/tezeren_high-end_lifestyle_photography_of_a_joyful_group_of_8_b5c33d0e-c241-41eb-aa5a-87762f55df65_0.png\",\"width\":1456,\"height\":816},{\"@type\":\"BreadcrumbList\",\"@id\":\"https:\/\/veloria.tezeren.net\/#breadcrumb\",\"itemListElement\":[{\"@type\":\"ListItem\",\"position\":1,\"name\":\"Anasayfa\",\"item\":\"https:\/\/veloria.tezeren.net\/\"},{\"@type\":\"ListItem\",\"position\":2,\"name\":\"Home\"}]},{\"@type\":\"WebSite\",\"@id\":\"https:\/\/veloria.tezeren.net\/#website\",\"url\":\"https:\/\/veloria.tezeren.net\/\",\"name\":\"Veloria-Club\",\"description\":\"\",\"publisher\":{\"@id\":\"https:\/\/veloria.tezeren.net\/#organization\"},\"potentialAction\":[{\"@type\":\"SearchAction\",\"target\":{\"@type\":\"EntryPoint\",\"urlTemplate\":\"https:\/\/veloria.tezeren.net\/?s={search_term_string}\"},\"query-input\":{\"@type\":\"PropertyValueSpecification\",\"valueRequired\":true,\"valueName\":\"search_term_string\"}}],\"inLanguage\":\"tr\"},{\"@type\":\"Organization\",\"@id\":\"https:\/\/veloria.tezeren.net\/#organization\",\"name\":\"Veloria-Club\",\"url\":\"https:\/\/veloria.tezeren.net\/\",\"logo\":{\"@type\":\"ImageObject\",\"inLanguage\":\"tr\",\"@id\":\"https:\/\/veloria.tezeren.net\/#\/schema\/logo\/image\/\",\"url\":\"https:\/\/mlfkc68uimex.i.optimole.com\/w:256\/h:128\/q:mauto\/f:best\/https:\/\/veloria.tezeren.net\/wp-content\/uploads\/2025\/12\/VELORIA-Black-Ellypse-256-x-128-px.png\",\"contentUrl\":\"https:\/\/mlfkc68uimex.i.optimole.com\/w:256\/h:128\/q:mauto\/f:best\/https:\/\/veloria.tezeren.net\/wp-content\/uploads\/2025\/12\/VELORIA-Black-Ellypse-256-x-128-px.png\",\"width\":256,\"height\":128,\"caption\":\"Veloria-Club\"},\"image\":{\"@id\":\"https:\/\/veloria.tezeren.net\/#\/schema\/logo\/image\/\"}}]}<\/script>\n<!-- \/ Yoast SEO plugin. -->","yoast_head_json":{"title":"Home - veloria.tezeren.net","description":"Veloria-Club, \u0130stanbul\u2019un sadece se\u00e7kin kad\u0131nlar\u0131ndan olu\u015fan k\u00fclt\u00fcr & sanat aktiviteleri, butik gezi ve etkinlikler sunan \u00f6zel bir kul\u00fcpt\u00fcr.","robots":{"index":"index","follow":"follow","max-snippet":"max-snippet:-1","max-image-preview":"max-image-preview:large","max-video-preview":"max-video-preview:-1"},"canonical":"https:\/\/veloria.tezeren.net\/","og_locale":"tr_TR","og_type":"article","og_title":"Home - veloria.tezeren.net","og_description":"Veloria-Club, \u0130stanbul\u2019un sadece se\u00e7kin kad\u0131nlar\u0131ndan olu\u015fan k\u00fclt\u00fcr & sanat aktiviteleri, butik gezi ve etkinlikler sunan \u00f6zel bir kul\u00fcpt\u00fcr.","og_url":"https:\/\/veloria.tezeren.net\/","og_site_name":"veloria.tezeren.net","article_modified_time":"2025-12-18T09:33:05+00:00","og_image":[{"url":"https:\/\/mlfkc68uimex.i.optimole.com\/w:auto\/h:auto\/q:mauto\/f:best\/https:\/\/veloria.tezeren.net\/wp-content\/uploads\/2025\/12\/tezeren_high-end_lifestyle_photography_of_a_joyful_group_of_8_b5c33d0e-c241-41eb-aa5a-87762f55df65_0.png","type":"","width":"","height":""}],"twitter_card":"summary_large_image","twitter_misc":{"Tahmini okuma s\u00fcresi":"7 dakika"},"schema":{"@context":"https:\/\/schema.org","@graph":[{"@type":"WebPage","@id":"https:\/\/veloria.tezeren.net\/","url":"https:\/\/veloria.tezeren.net\/","name":"Home - veloria.tezeren.net","isPartOf":{"@id":"https:\/\/veloria.tezeren.net\/#website"},"primaryImageOfPage":{"@id":"https:\/\/veloria.tezeren.net\/#primaryimage"},"image":{"@id":"https:\/\/veloria.tezeren.net\/#primaryimage"},"thumbnailUrl":"https:\/\/mlfkc68uimex.i.optimole.com\/w:auto\/h:auto\/q:mauto\/f:best\/https:\/\/veloria.tezeren.net\/wp-content\/uploads\/2025\/12\/tezeren_high-end_lifestyle_photography_of_a_joyful_group_of_8_b5c33d0e-c241-41eb-aa5a-87762f55df65_0.png","datePublished":"2019-10-04T08:25:11+00:00","dateModified":"2025-12-18T09:33:05+00:00","description":"Veloria-Club, \u0130stanbul\u2019un sadece se\u00e7kin kad\u0131nlar\u0131ndan olu\u015fan k\u00fclt\u00fcr & sanat aktiviteleri, butik gezi ve etkinlikler sunan \u00f6zel bir kul\u00fcpt\u00fcr.","breadcrumb":{"@id":"https:\/\/veloria.tezeren.net\/#breadcrumb"},"inLanguage":"tr","potentialAction":[{"@type":"ReadAction","target":["https:\/\/veloria.tezeren.net\/"]}]},{"@type":"ImageObject","inLanguage":"tr","@id":"https:\/\/veloria.tezeren.net\/#primaryimage","url":"https:\/\/mlfkc68uimex.i.optimole.com\/w:auto\/h:auto\/q:mauto\/f:best\/https:\/\/veloria.tezeren.net\/wp-content\/uploads\/2025\/12\/tezeren_high-end_lifestyle_photography_of_a_joyful_group_of_8_b5c33d0e-c241-41eb-aa5a-87762f55df65_0.png","contentUrl":"https:\/\/mlfkc68uimex.i.optimole.com\/w:auto\/h:auto\/q:mauto\/f:best\/https:\/\/veloria.tezeren.net\/wp-content\/uploads\/2025\/12\/tezeren_high-end_lifestyle_photography_of_a_joyful_group_of_8_b5c33d0e-c241-41eb-aa5a-87762f55df65_0.png","width":1456,"height":816},{"@type":"BreadcrumbList","@id":"https:\/\/veloria.tezeren.net\/#breadcrumb","itemListElement":[{"@type":"ListItem","position":1,"name":"Anasayfa","item":"https:\/\/veloria.tezeren.net\/"},{"@type":"ListItem","position":2,"name":"Home"}]},{"@type":"WebSite","@id":"https:\/\/veloria.tezeren.net\/#website","url":"https:\/\/veloria.tezeren.net\/","name":"Veloria-Club","description":"","publisher":{"@id":"https:\/\/veloria.tezeren.net\/#organization"},"potentialAction":[{"@type":"SearchAction","target":{"@type":"EntryPoint","urlTemplate":"https:\/\/veloria.tezeren.net\/?s={search_term_string}"},"query-input":{"@type":"PropertyValueSpecification","valueRequired":true,"valueName":"search_term_string"}}],"inLanguage":"tr"},{"@type":"Organization","@id":"https:\/\/veloria.tezeren.net\/#organization","name":"Veloria-Club","url":"https:\/\/veloria.tezeren.net\/","logo":{"@type":"ImageObject","inLanguage":"tr","@id":"https:\/\/veloria.tezeren.net\/#\/schema\/logo\/image\/","url":"https:\/\/mlfkc68uimex.i.optimole.com\/w:256\/h:128\/q:mauto\/f:best\/https:\/\/veloria.tezeren.net\/wp-content\/uploads\/2025\/12\/VELORIA-Black-Ellypse-256-x-128-px.png","contentUrl":"https:\/\/mlfkc68uimex.i.optimole.com\/w:256\/h:128\/q:mauto\/f:best\/https:\/\/veloria.tezeren.net\/wp-content\/uploads\/2025\/12\/VELORIA-Black-Ellypse-256-x-128-px.png","width":256,"height":128,"caption":"Veloria-Club"},"image":{"@id":"https:\/\/veloria.tezeren.net\/#\/schema\/logo\/image\/"}}]}},"_links":{"self":[{"href":"https:\/\/veloria.tezeren.net\/index.php\/wp-json\/wp\/v2\/pages\/626","targetHints":{"allow":["GET"]}}],"collection":[{"href":"https:\/\/veloria.tezeren.net\/index.php\/wp-json\/wp\/v2\/pages"}],"about":[{"href":"https:\/\/veloria.tezeren.net\/index.php\/wp-json\/wp\/v2\/types\/page"}],"author":[{"embeddable":true,"href":"https:\/\/veloria.tezeren.net\/index.php\/wp-json\/wp\/v2\/users\/1"}],"replies":[{"embeddable":true,"href":"https:\/\/veloria.tezeren.net\/index.php\/wp-json\/wp\/v2\/comments?post=626"}],"version-history":[{"count":157,"href":"https:\/\/veloria.tezeren.net\/index.php\/wp-json\/wp\/v2\/pages\/626\/revisions"}],"predecessor-version":[{"id":1406,"href":"https:\/\/veloria.tezeren.net\/index.php\/wp-json\/wp\/v2\/pages\/626\/revisions\/1406"}],"wp:attachment":[{"href":"https:\/\/veloria.tezeren.net\/index.php\/wp-json\/wp\/v2\/media?parent=626"}],"curies":[{"name":"wp","href":"https:\/\/api.w.org\/{rel}","templated":true}]}}