{"id":682,"date":"2025-12-03T22:28:25","date_gmt":"2025-12-03T19:28:25","guid":{"rendered":"https:\/\/veloria.tezeren.net\/?page_id=682"},"modified":"2025-12-08T12:12:18","modified_gmt":"2025-12-08T09:12:18","slug":"ozel-butik-seyahatler","status":"publish","type":"page","link":"https:\/\/veloria.tezeren.net\/index.php\/ozel-butik-seyahatler\/","title":{"rendered":"\u00d6zel Butik Seyahatler"},"content":{"rendered":"\t\t<div data-elementor-type=\"wp-page\" data-elementor-id=\"682\" class=\"elementor elementor-682\" data-elementor-post-type=\"page\">\n\t\t\t\t<div class=\"elementor-element elementor-element-f1ec72b e-flex e-con-boxed parallax_section_no qode_elementor_container_no e-con e-parent\" data-id=\"f1ec72b\" data-element_type=\"container\" data-e-type=\"container\">\n\t\t\t\t\t<div class=\"e-con-inner\">\n\t\t\t\t<div class=\"elementor-element elementor-element-a882c7b elementor-widget elementor-widget-image\" data-id=\"a882c7b\" data-element_type=\"widget\" data-e-type=\"widget\" data-widget_type=\"image.default\">\n\t\t\t\t\t\t\t\t\t\t\t\t\t\t\t<img data-opt-id=835146694  fetchpriority=\"high\" decoding=\"async\" width=\"1024\" height=\"574\" src=\"https:\/\/mlfkc68uimex.i.optimole.com\/w:1024\/h:574\/q:mauto\/f:best\/https:\/\/veloria.tezeren.net\/wp-content\/uploads\/2025\/12\/tezeren_high-end_lifestyle_photography_of_a_joyful_group_of_8_b5c33d0e-c241-41eb-aa5a-87762f55df65_0-1.png\" class=\"attachment-large size-large wp-image-683\" alt=\"\" srcset=\"https:\/\/mlfkc68uimex.i.optimole.com\/w:1456\/h:816\/q:mauto\/f:best\/https:\/\/veloria.tezeren.net\/wp-content\/uploads\/2025\/12\/tezeren_high-end_lifestyle_photography_of_a_joyful_group_of_8_b5c33d0e-c241-41eb-aa5a-87762f55df65_0-1.png 1456w, https:\/\/mlfkc68uimex.i.optimole.com\/w:300\/h:168\/q:mauto\/f:best\/https:\/\/veloria.tezeren.net\/wp-content\/uploads\/2025\/12\/tezeren_high-end_lifestyle_photography_of_a_joyful_group_of_8_b5c33d0e-c241-41eb-aa5a-87762f55df65_0-1.png 300w, https:\/\/mlfkc68uimex.i.optimole.com\/w:1024\/h:574\/q:mauto\/f:best\/https:\/\/veloria.tezeren.net\/wp-content\/uploads\/2025\/12\/tezeren_high-end_lifestyle_photography_of_a_joyful_group_of_8_b5c33d0e-c241-41eb-aa5a-87762f55df65_0-1.png 1024w, https:\/\/mlfkc68uimex.i.optimole.com\/w:768\/h:430\/q:mauto\/f:best\/https:\/\/veloria.tezeren.net\/wp-content\/uploads\/2025\/12\/tezeren_high-end_lifestyle_photography_of_a_joyful_group_of_8_b5c33d0e-c241-41eb-aa5a-87762f55df65_0-1.png 768w, https:\/\/mlfkc68uimex.i.optimole.com\/w:700\/h:392\/q:mauto\/f:best\/https:\/\/veloria.tezeren.net\/wp-content\/uploads\/2025\/12\/tezeren_high-end_lifestyle_photography_of_a_joyful_group_of_8_b5c33d0e-c241-41eb-aa5a-87762f55df65_0-1.png 700w, https:\/\/mlfkc68uimex.i.optimole.com\/w:539\/h:303\/q:mauto\/f:best\/https:\/\/veloria.tezeren.net\/wp-content\/uploads\/2025\/12\/tezeren_high-end_lifestyle_photography_of_a_joyful_group_of_8_b5c33d0e-c241-41eb-aa5a-87762f55df65_0-1.png 539w\" sizes=\"(max-width: 1024px) 100vw, 1024px\" \/>\t\t\t\t\t\t\t\t\t\t\t\t\t\t\t<\/div>\n\t\t\t\t\t<\/div>\n\t\t\t\t<\/div>\n\t\t<div class=\"elementor-element elementor-element-7982e88 e-flex e-con-boxed parallax_section_no qode_elementor_container_no e-con e-parent\" data-id=\"7982e88\" data-element_type=\"container\" data-e-type=\"container\">\n\t\t\t\t\t<div class=\"e-con-inner\">\n\t\t\t\t<div class=\"elementor-element elementor-element-5c76220 elementor-widget elementor-widget-heading\" data-id=\"5c76220\" data-element_type=\"widget\" data-e-type=\"widget\" data-widget_type=\"heading.default\">\n\t\t\t\t\t<h2 class=\"elementor-heading-title elementor-size-default\">Sizlere \u00f6zel, zarif ve unutulmaz yolculuklar<\/h2>\t\t\t\t<\/div>\n\t\t\t\t<div class=\"elementor-element elementor-element-2905310 elementor-widget elementor-widget-text-editor\" data-id=\"2905310\" data-element_type=\"widget\" data-e-type=\"widget\" data-widget_type=\"text-editor.default\">\n\t\t\t\t\t\t\t\t\t<p>\u2728 D\u00dcNYAYI VELORIA G\u00d6Z\u00dcYLE KE\u015eFED\u0130N<\/p>\n<p>Veloria Club \u00fcyeleri, s\u0131radan seyahatlerden \u00e7ok daha fazlas\u0131n\u0131 hak eder. Her biri \u00f6zenle se\u00e7ilmi\u015f destinasyonlarda; sanat, zarafet, gastronomi ve stil dolu butik seyahat programlar\u0131 sizi bekliyor.<\/p>\n<p>Sadece kad\u0131nlara \u00f6zel planlanan bu yolculuklarda; g\u00fcven, incelik ve y\u00fcksek ya\u015fam standard\u0131 \u00f6n planda tutulur. Her detay; sizin konforunuz, stiliniz ve ruhunuza hitap etmesi i\u00e7in tasarlan\u0131r.<\/p>\t\t\t\t\t\t\t\t<\/div>\n\t\t\t\t\t<\/div>\n\t\t\t\t<\/div>\n\t\t<div class=\"elementor-element elementor-element-8180a1c e-flex e-con-boxed parallax_section_no qode_elementor_container_no e-con e-parent\" data-id=\"8180a1c\" data-element_type=\"container\" data-e-type=\"container\">\n\t\t\t\t\t<div class=\"e-con-inner\">\n\t\t\t\t<div class=\"elementor-element elementor-element-15f9e8b elementor-widget elementor-widget-heading\" data-id=\"15f9e8b\" data-element_type=\"widget\" data-e-type=\"widget\" data-widget_type=\"heading.default\">\n\t\t\t\t\t<h2 class=\"elementor-heading-title elementor-size-default\">NEDEN VELORIA SEYAHATLER\u0130?<\/h2>\t\t\t\t<\/div>\n\t\t\t\t<div class=\"elementor-element elementor-element-c11f40a elementor-widget elementor-widget-text-editor\" data-id=\"c11f40a\" data-element_type=\"widget\" data-e-type=\"widget\" data-widget_type=\"text-editor.default\">\n\t\t\t\t\t\t\t\t\t<p>\u2714\ufe0f Kad\u0131nlara \u00f6zel: Sadece \u00fcyelerimize \u00f6zel kad\u0131n gruplar\u0131yla ger\u00e7ekle\u015ftirilir<br \/>\u2714\ufe0f Kurat\u00f6ryel deneyim: Her rota titizlikle se\u00e7ilir, her otel ve restoran \u00f6zenle k\u00fcrat\u00f6rlenir<br \/>\u2714\ufe0f Gizlilik ve g\u00fcvenlik: Konfor ve mahremiyet \u00f6nceli\u011fimizdir<br \/>\u2714\ufe0f Yerel ve global estetik: Paris, Floransa, Bodrum, Kapadokya gibi se\u00e7kin destinasyonlar<br \/>\u2714\ufe0f Y\u00fcksek detay seviyesi: Concierge hizmeti, \u00f6zel rehberlik, stil dan\u0131\u015fmanl\u0131\u011f\u0131 ve daha fazlas\u0131<\/p>\t\t\t\t\t\t\t\t<\/div>\n\t\t\t\t\t<\/div>\n\t\t\t\t<\/div>\n\t\t<div class=\"elementor-element elementor-element-1055a36 e-flex e-con-boxed parallax_section_no qode_elementor_container_no e-con e-parent\" data-id=\"1055a36\" data-element_type=\"container\" data-e-type=\"container\">\n\t\t\t\t\t<div class=\"e-con-inner\">\n\t\t\t\t<div class=\"elementor-element elementor-element-94421ca elementor-widget elementor-widget-heading\" data-id=\"94421ca\" data-element_type=\"widget\" data-e-type=\"widget\" data-widget_type=\"heading.default\">\n\t\t\t\t\t<h2 class=\"elementor-heading-title elementor-size-default\">SEYAHATLERDEN BAZI \u00d6RNEKLER<\/h2>\t\t\t\t<\/div>\n\t\t\t\t<div class=\"elementor-element elementor-element-d23ff0a elementor-widget elementor-widget-text-editor\" data-id=\"d23ff0a\" data-element_type=\"widget\" data-e-type=\"widget\" data-widget_type=\"text-editor.default\">\n\t\t\t\t\t\t\t\t\t<p>\ud83d\uddfc Paris Couture R\u00fcyas\u0131<br \/>Modan\u0131n kalbinde haute couture at\u00f6lye ziyaretleri, \u00f6zel al\u0131\u015fveri\u015f deneyimleri ve \u015fampanya e\u015fli\u011finde Seine k\u0131y\u0131s\u0131nda g\u00fcn bat\u0131m\u0131.<\/p>\n<p>\ud83c\udfdb\ufe0f Floransa &amp; Toskana Zarafeti<br \/>Sanat, mimari ve \u00fcz\u00fcm ba\u011flar\u0131nda slow luxury bir ka\u00e7\u0131\u015f. Kapan\u0131\u015f, y\u0131ld\u0131zl\u0131 bir trattoria\u2019da ak\u015fam yeme\u011fiyle.<\/p>\n<p>\ud83c\udf0a Bodrum Yaz\u0131<br \/>Bohem l\u00fcks, Ege mavisi, private villa konsepti ve kad\u0131nlara \u00f6zel gece organizasyonlar\u0131.<\/p>\n<p>\ud83c\udf0c Kapadokya ile Sessiz L\u00fcks<br \/>Ma\u011fara otelde \u015fampanyal\u0131 sabahlar, balonlar e\u015fli\u011finde \u015fafak ve \u00f6zel sanat at\u00f6lyeleri.<\/p>\t\t\t\t\t\t\t\t<\/div>\n\t\t\t\t\t<\/div>\n\t\t\t\t<\/div>\n\t\t<div class=\"elementor-element elementor-element-5200f9c e-flex e-con-boxed parallax_section_no qode_elementor_container_no e-con e-parent\" data-id=\"5200f9c\" data-element_type=\"container\" data-e-type=\"container\">\n\t\t\t\t\t<div class=\"e-con-inner\">\n\t\t\t\t<div class=\"elementor-element elementor-element-41f09b6 elementor-widget elementor-widget-heading\" data-id=\"41f09b6\" data-element_type=\"widget\" data-e-type=\"widget\" data-widget_type=\"heading.default\">\n\t\t\t\t\t<h2 class=\"elementor-heading-title elementor-size-default\">K\u0130MSE G\u0130B\u0130 DE\u011e\u0130L, SADECE S\u0130ZE G\u00d6RE<\/h2>\t\t\t\t<\/div>\n\t\t\t\t<div class=\"elementor-element elementor-element-46c7bca elementor-widget elementor-widget-text-editor\" data-id=\"46c7bca\" data-element_type=\"widget\" data-e-type=\"widget\" data-widget_type=\"text-editor.default\">\n\t\t\t\t\t\t\t\t\t<p>Her Veloria seyahati; sizin stilinize, sosyal dinamizminize ve hayat vizyonunuza g\u00f6re planlan\u0131r.<br \/>Y\u00fczeysel kalabal\u0131klar yok. Kalite ve anlam var.<\/p>\t\t\t\t\t\t\t\t<\/div>\n\t\t\t\t\t<\/div>\n\t\t\t\t<\/div>\n\t\t<div class=\"elementor-element elementor-element-fdb5942 e-flex e-con-boxed parallax_section_no qode_elementor_container_no e-con e-parent\" data-id=\"fdb5942\" data-element_type=\"container\" data-e-type=\"container\">\n\t\t\t\t\t<div class=\"e-con-inner\">\n\t\t\t\t<div class=\"elementor-element elementor-element-187bd44 elementor-widget elementor-widget-heading\" data-id=\"187bd44\" data-element_type=\"widget\" data-e-type=\"widget\" data-widget_type=\"heading.default\">\n\t\t\t\t\t<h2 class=\"elementor-heading-title elementor-size-default\">\u00dcyelik Gerekmektedir<\/h2>\t\t\t\t<\/div>\n\t\t\t\t<div class=\"elementor-element elementor-element-2e67959 elementor-widget elementor-widget-text-editor\" data-id=\"2e67959\" data-element_type=\"widget\" data-e-type=\"widget\" data-widget_type=\"text-editor.default\">\n\t\t\t\t\t\t\t\t\t<p>Veloria Boutique Travels yaln\u0131zca aktif \u00fcyelerimize a\u00e7\u0131kt\u0131r.<br \/>\u00dcyelik ba\u015fvurusuveya sorular\u0131n\u0131z i\u00e7in a\u015fa\u011f\u0131dan ba\u015fvuru formumuzu doldurabilirsiniz.<\/p>\t\t\t\t\t\t\t\t<\/div>\n\t\t\t\t\t<\/div>\n\t\t\t\t<\/div>\n\t\t<div class=\"elementor-element elementor-element-05e5d1d e-flex e-con-boxed parallax_section_no qode_elementor_container_no e-con e-parent\" data-id=\"05e5d1d\" data-element_type=\"container\" data-e-type=\"container\">\n\t\t\t\t\t<div class=\"e-con-inner\">\n\t\t\t\t<div class=\"elementor-element elementor-element-190e689 elementor-cta--skin-cover elementor-animated-content elementor-bg-transform elementor-bg-transform-zoom-in elementor-widget elementor-widget-call-to-action\" data-id=\"190e689\" data-element_type=\"widget\" data-e-type=\"widget\" data-widget_type=\"call-to-action.default\">\n\t\t\t\t\t\t\t<div class=\"elementor-cta\">\n\t\t\t\t\t<div class=\"elementor-cta__bg-wrapper\">\n\t\t\t\t<div class=\"elementor-cta__bg elementor-bg\" style=\"background-image: url(https:\/\/mlfkc68uimex.i.optimole.com\/w:1024\/h:574\/q:mauto\/f:best\/https:\/\/veloria.tezeren.net\/wp-content\/uploads\/2025\/12\/tezeren_deep_black_velvet_texture_with_soft_folds_gold_shimme_7eefa787-43bf-44c8-bc14-87cb2f92e487_3.png);\" role=\"img\" aria-label=\"tezeren_deep_black_velvet_texture_with_soft_folds_gold_shimme_7eefa787-43bf-44c8-bc14-87cb2f92e487_3\"><\/div>\n\t\t\t\t<div class=\"elementor-cta__bg-overlay\"><\/div>\n\t\t\t<\/div>\n\t\t\t\t\t\t\t<div class=\"elementor-cta__content\">\n\t\t\t\t\n\t\t\t\t\t\t\t\t\t<h2 class=\"elementor-cta__title elementor-cta__content-item elementor-content-item elementor-animated-item--grow\">\n\t\t\t\t\t\t\u00dcyelik Ba\u015fvurunuzu Yap\u0131n\t\t\t\t\t<\/h2>\n\t\t\t\t\n\t\t\t\t\t\t\t\t\t<div class=\"elementor-cta__description elementor-cta__content-item elementor-content-item elementor-animated-item--grow\">\n\t\t\t\t\t\t\u0130stanbul\u2019un se\u00e7kin kad\u0131nlar i\u00e7in tasarlanm\u0131\u015f \u00f6zel sosyal kul\u00fcb\u00fcne ad\u0131m at\u0131n. \n\u00dcyelik ba\u015fvuru formunu doldurarak ayr\u0131cal\u0131kl\u0131 etkinlikler ve sofistike bir toplulu\u011fun kap\u0131lar\u0131n\u0131 aralay\u0131n.\t\t\t\t\t<\/div>\n\t\t\t\t\n\t\t\t\t\t\t\t\t\t<div class=\"elementor-cta__button-wrapper elementor-cta__content-item elementor-content-item elementor-animated-item--grow\">\n\t\t\t\t\t<a class=\"elementor-cta__button elementor-button elementor-size-\" href=\"https:\/\/docs.google.com\/forms\/d\/e\/1FAIpQLSc3DEviQrBBaG2CWAi0F7YOrowbK2C2nzPCj_CcKnoPjEWOnQ\/viewform?usp=header\">\n\t\t\t\t\t\t\u00dcye kay\u0131t formunu doldur\t\t\t\t\t<\/a>\n\t\t\t\t\t<\/div>\n\t\t\t\t\t\t\t<\/div>\n\t\t\t\t\t\t<\/div>\n\t\t\t\t\t\t<\/div>\n\t\t\t\t<div class=\"elementor-element elementor-element-47469ab elementor-widget-divider--view-line elementor-widget elementor-widget-divider\" data-id=\"47469ab\" data-element_type=\"widget\" data-e-type=\"widget\" data-widget_type=\"divider.default\">\n\t\t\t\t\t\t\t<div class=\"elementor-divider\">\n\t\t\t<span class=\"elementor-divider-separator\">\n\t\t\t\t\t\t<\/span>\n\t\t<\/div>\n\t\t\t\t\t\t<\/div>\n\t\t\t\t\t<\/div>\n\t\t\t\t<\/div>\n\t\t\t\t<\/div>\n\t\t","protected":false},"excerpt":{"rendered":"<p>Sizlere \u00f6zel, zarif ve unutulmaz yolculuklar \u2728 D\u00dcNYAYI VELORIA G\u00d6Z\u00dcYLE KE\u015eFED\u0130N Veloria Club \u00fcyeleri, s\u0131radan seyahatlerden \u00e7ok daha fazlas\u0131n\u0131 hak eder. Her biri \u00f6zenle se\u00e7ilmi\u015f destinasyonlarda; sanat, zarafet, gastronomi ve stil dolu butik seyahat programlar\u0131 sizi bekliyor. Sadece kad\u0131nlara \u00f6zel planlanan bu yolculuklarda; g\u00fcven, incelik&#8230;<\/p>\n","protected":false},"author":1,"featured_media":0,"parent":0,"menu_order":0,"comment_status":"closed","ping_status":"closed","template":"","meta":{"content-type":"","_price":"","_stock":"","_tribe_ticket_header":"","_tribe_default_ticket_provider":"","_ticket_start_date":"","_ticket_end_date":"","_tribe_ticket_show_description":"","_tribe_ticket_show_not_going":false,"_tribe_ticket_use_global_stock":"","_tribe_ticket_global_stock_level":"","_global_stock_mode":"","_global_stock_cap":"","_tribe_rsvp_for_event":"","_tribe_ticket_going_count":"","_tribe_ticket_not_going_count":"","_tribe_tickets_list":"[]","_tribe_ticket_has_attendee_info_fields":false,"footnotes":""},"class_list":["post-682","page","type-page","status-publish","hentry"],"yoast_head":"<!-- This site is optimized with the Yoast SEO plugin v27.0 - https:\/\/yoast.com\/product\/yoast-seo-wordpress\/ -->\n<title>\u00d6zel Butik Seyahatler - veloria.tezeren.net<\/title>\n<meta name=\"robots\" content=\"index, follow, max-snippet:-1, max-image-preview:large, max-video-preview:-1\" \/>\n<link rel=\"canonical\" href=\"https:\/\/veloria.tezeren.net\/index.php\/ozel-butik-seyahatler\/\" \/>\n<meta property=\"og:locale\" content=\"tr_TR\" \/>\n<meta property=\"og:type\" content=\"article\" \/>\n<meta property=\"og:title\" content=\"\u00d6zel Butik Seyahatler - veloria.tezeren.net\" \/>\n<meta property=\"og:description\" content=\"Sizlere \u00f6zel, zarif ve unutulmaz yolculuklar \u2728 D\u00dcNYAYI VELORIA G\u00d6Z\u00dcYLE KE\u015eFED\u0130N Veloria Club \u00fcyeleri, s\u0131radan seyahatlerden \u00e7ok daha fazlas\u0131n\u0131 hak eder. Her biri \u00f6zenle se\u00e7ilmi\u015f destinasyonlarda; sanat, zarafet, gastronomi ve stil dolu butik seyahat programlar\u0131 sizi bekliyor. Sadece kad\u0131nlara \u00f6zel planlanan bu yolculuklarda; g\u00fcven, incelik...\" \/>\n<meta property=\"og:url\" content=\"https:\/\/veloria.tezeren.net\/index.php\/ozel-butik-seyahatler\/\" \/>\n<meta property=\"og:site_name\" content=\"veloria.tezeren.net\" \/>\n<meta property=\"article:modified_time\" content=\"2025-12-08T09:12:18+00:00\" \/>\n<meta property=\"og:image\" content=\"https:\/\/mlfkc68uimex.i.optimole.com\/w:1024\/h:574\/q:mauto\/f:best\/https:\/\/veloria.tezeren.net\/wp-content\/uploads\/2025\/12\/tezeren_high-end_lifestyle_photography_of_a_joyful_group_of_8_b5c33d0e-c241-41eb-aa5a-87762f55df65_0-1.png\" \/>\n<meta name=\"twitter:card\" content=\"summary_large_image\" \/>\n<meta name=\"twitter:label1\" content=\"Tahmini okuma s\u00fcresi\" \/>\n\t<meta name=\"twitter:data1\" content=\"4 dakika\" \/>\n<script type=\"application\/ld+json\" class=\"yoast-schema-graph\">{\"@context\":\"https:\/\/schema.org\",\"@graph\":[{\"@type\":\"WebPage\",\"@id\":\"https:\/\/veloria.tezeren.net\/index.php\/ozel-butik-seyahatler\/\",\"url\":\"https:\/\/veloria.tezeren.net\/index.php\/ozel-butik-seyahatler\/\",\"name\":\"\u00d6zel Butik Seyahatler - veloria.tezeren.net\",\"isPartOf\":{\"@id\":\"https:\/\/veloria.tezeren.net\/#website\"},\"primaryImageOfPage\":{\"@id\":\"https:\/\/veloria.tezeren.net\/index.php\/ozel-butik-seyahatler\/#primaryimage\"},\"image\":{\"@id\":\"https:\/\/veloria.tezeren.net\/index.php\/ozel-butik-seyahatler\/#primaryimage\"},\"thumbnailUrl\":\"https:\/\/mlfkc68uimex.i.optimole.com\/w:1024\/h:574\/q:mauto\/f:best\/https:\/\/veloria.tezeren.net\/wp-content\/uploads\/2025\/12\/tezeren_high-end_lifestyle_photography_of_a_joyful_group_of_8_b5c33d0e-c241-41eb-aa5a-87762f55df65_0-1.png\",\"datePublished\":\"2025-12-03T19:28:25+00:00\",\"dateModified\":\"2025-12-08T09:12:18+00:00\",\"breadcrumb\":{\"@id\":\"https:\/\/veloria.tezeren.net\/index.php\/ozel-butik-seyahatler\/#breadcrumb\"},\"inLanguage\":\"tr\",\"potentialAction\":[{\"@type\":\"ReadAction\",\"target\":[\"https:\/\/veloria.tezeren.net\/index.php\/ozel-butik-seyahatler\/\"]}]},{\"@type\":\"ImageObject\",\"inLanguage\":\"tr\",\"@id\":\"https:\/\/veloria.tezeren.net\/index.php\/ozel-butik-seyahatler\/#primaryimage\",\"url\":\"https:\/\/mlfkc68uimex.i.optimole.com\/w:auto\/h:auto\/q:mauto\/f:best\/https:\/\/veloria.tezeren.net\/wp-content\/uploads\/2025\/12\/tezeren_high-end_lifestyle_photography_of_a_joyful_group_of_8_b5c33d0e-c241-41eb-aa5a-87762f55df65_0-1.png\",\"contentUrl\":\"https:\/\/mlfkc68uimex.i.optimole.com\/w:auto\/h:auto\/q:mauto\/f:best\/https:\/\/veloria.tezeren.net\/wp-content\/uploads\/2025\/12\/tezeren_high-end_lifestyle_photography_of_a_joyful_group_of_8_b5c33d0e-c241-41eb-aa5a-87762f55df65_0-1.png\",\"width\":1456,\"height\":816},{\"@type\":\"BreadcrumbList\",\"@id\":\"https:\/\/veloria.tezeren.net\/index.php\/ozel-butik-seyahatler\/#breadcrumb\",\"itemListElement\":[{\"@type\":\"ListItem\",\"position\":1,\"name\":\"Anasayfa\",\"item\":\"https:\/\/veloria.tezeren.net\/\"},{\"@type\":\"ListItem\",\"position\":2,\"name\":\"\u00d6zel Butik Seyahatler\"}]},{\"@type\":\"WebSite\",\"@id\":\"https:\/\/veloria.tezeren.net\/#website\",\"url\":\"https:\/\/veloria.tezeren.net\/\",\"name\":\"Veloria-Club\",\"description\":\"\",\"publisher\":{\"@id\":\"https:\/\/veloria.tezeren.net\/#organization\"},\"potentialAction\":[{\"@type\":\"SearchAction\",\"target\":{\"@type\":\"EntryPoint\",\"urlTemplate\":\"https:\/\/veloria.tezeren.net\/?s={search_term_string}\"},\"query-input\":{\"@type\":\"PropertyValueSpecification\",\"valueRequired\":true,\"valueName\":\"search_term_string\"}}],\"inLanguage\":\"tr\"},{\"@type\":\"Organization\",\"@id\":\"https:\/\/veloria.tezeren.net\/#organization\",\"name\":\"Veloria-Club\",\"url\":\"https:\/\/veloria.tezeren.net\/\",\"logo\":{\"@type\":\"ImageObject\",\"inLanguage\":\"tr\",\"@id\":\"https:\/\/veloria.tezeren.net\/#\/schema\/logo\/image\/\",\"url\":\"https:\/\/mlfkc68uimex.i.optimole.com\/w:256\/h:128\/q:mauto\/f:best\/https:\/\/veloria.tezeren.net\/wp-content\/uploads\/2025\/12\/VELORIA-Black-Ellypse-256-x-128-px.png\",\"contentUrl\":\"https:\/\/mlfkc68uimex.i.optimole.com\/w:256\/h:128\/q:mauto\/f:best\/https:\/\/veloria.tezeren.net\/wp-content\/uploads\/2025\/12\/VELORIA-Black-Ellypse-256-x-128-px.png\",\"width\":256,\"height\":128,\"caption\":\"Veloria-Club\"},\"image\":{\"@id\":\"https:\/\/veloria.tezeren.net\/#\/schema\/logo\/image\/\"}}]}<\/script>\n<!-- \/ Yoast SEO plugin. -->","yoast_head_json":{"title":"\u00d6zel Butik Seyahatler - veloria.tezeren.net","robots":{"index":"index","follow":"follow","max-snippet":"max-snippet:-1","max-image-preview":"max-image-preview:large","max-video-preview":"max-video-preview:-1"},"canonical":"https:\/\/veloria.tezeren.net\/index.php\/ozel-butik-seyahatler\/","og_locale":"tr_TR","og_type":"article","og_title":"\u00d6zel Butik Seyahatler - veloria.tezeren.net","og_description":"Sizlere \u00f6zel, zarif ve unutulmaz yolculuklar \u2728 D\u00dcNYAYI VELORIA G\u00d6Z\u00dcYLE KE\u015eFED\u0130N Veloria Club \u00fcyeleri, s\u0131radan seyahatlerden \u00e7ok daha fazlas\u0131n\u0131 hak eder. Her biri \u00f6zenle se\u00e7ilmi\u015f destinasyonlarda; sanat, zarafet, gastronomi ve stil dolu butik seyahat programlar\u0131 sizi bekliyor. Sadece kad\u0131nlara \u00f6zel planlanan bu yolculuklarda; g\u00fcven, incelik...","og_url":"https:\/\/veloria.tezeren.net\/index.php\/ozel-butik-seyahatler\/","og_site_name":"veloria.tezeren.net","article_modified_time":"2025-12-08T09:12:18+00:00","og_image":[{"url":"https:\/\/mlfkc68uimex.i.optimole.com\/w:1024\/h:574\/q:mauto\/f:best\/https:\/\/veloria.tezeren.net\/wp-content\/uploads\/2025\/12\/tezeren_high-end_lifestyle_photography_of_a_joyful_group_of_8_b5c33d0e-c241-41eb-aa5a-87762f55df65_0-1.png","type":"","width":"","height":""}],"twitter_card":"summary_large_image","twitter_misc":{"Tahmini okuma s\u00fcresi":"4 dakika"},"schema":{"@context":"https:\/\/schema.org","@graph":[{"@type":"WebPage","@id":"https:\/\/veloria.tezeren.net\/index.php\/ozel-butik-seyahatler\/","url":"https:\/\/veloria.tezeren.net\/index.php\/ozel-butik-seyahatler\/","name":"\u00d6zel Butik Seyahatler - veloria.tezeren.net","isPartOf":{"@id":"https:\/\/veloria.tezeren.net\/#website"},"primaryImageOfPage":{"@id":"https:\/\/veloria.tezeren.net\/index.php\/ozel-butik-seyahatler\/#primaryimage"},"image":{"@id":"https:\/\/veloria.tezeren.net\/index.php\/ozel-butik-seyahatler\/#primaryimage"},"thumbnailUrl":"https:\/\/mlfkc68uimex.i.optimole.com\/w:1024\/h:574\/q:mauto\/f:best\/https:\/\/veloria.tezeren.net\/wp-content\/uploads\/2025\/12\/tezeren_high-end_lifestyle_photography_of_a_joyful_group_of_8_b5c33d0e-c241-41eb-aa5a-87762f55df65_0-1.png","datePublished":"2025-12-03T19:28:25+00:00","dateModified":"2025-12-08T09:12:18+00:00","breadcrumb":{"@id":"https:\/\/veloria.tezeren.net\/index.php\/ozel-butik-seyahatler\/#breadcrumb"},"inLanguage":"tr","potentialAction":[{"@type":"ReadAction","target":["https:\/\/veloria.tezeren.net\/index.php\/ozel-butik-seyahatler\/"]}]},{"@type":"ImageObject","inLanguage":"tr","@id":"https:\/\/veloria.tezeren.net\/index.php\/ozel-butik-seyahatler\/#primaryimage","url":"https:\/\/mlfkc68uimex.i.optimole.com\/w:auto\/h:auto\/q:mauto\/f:best\/https:\/\/veloria.tezeren.net\/wp-content\/uploads\/2025\/12\/tezeren_high-end_lifestyle_photography_of_a_joyful_group_of_8_b5c33d0e-c241-41eb-aa5a-87762f55df65_0-1.png","contentUrl":"https:\/\/mlfkc68uimex.i.optimole.com\/w:auto\/h:auto\/q:mauto\/f:best\/https:\/\/veloria.tezeren.net\/wp-content\/uploads\/2025\/12\/tezeren_high-end_lifestyle_photography_of_a_joyful_group_of_8_b5c33d0e-c241-41eb-aa5a-87762f55df65_0-1.png","width":1456,"height":816},{"@type":"BreadcrumbList","@id":"https:\/\/veloria.tezeren.net\/index.php\/ozel-butik-seyahatler\/#breadcrumb","itemListElement":[{"@type":"ListItem","position":1,"name":"Anasayfa","item":"https:\/\/veloria.tezeren.net\/"},{"@type":"ListItem","position":2,"name":"\u00d6zel Butik Seyahatler"}]},{"@type":"WebSite","@id":"https:\/\/veloria.tezeren.net\/#website","url":"https:\/\/veloria.tezeren.net\/","name":"Veloria-Club","description":"","publisher":{"@id":"https:\/\/veloria.tezeren.net\/#organization"},"potentialAction":[{"@type":"SearchAction","target":{"@type":"EntryPoint","urlTemplate":"https:\/\/veloria.tezeren.net\/?s={search_term_string}"},"query-input":{"@type":"PropertyValueSpecification","valueRequired":true,"valueName":"search_term_string"}}],"inLanguage":"tr"},{"@type":"Organization","@id":"https:\/\/veloria.tezeren.net\/#organization","name":"Veloria-Club","url":"https:\/\/veloria.tezeren.net\/","logo":{"@type":"ImageObject","inLanguage":"tr","@id":"https:\/\/veloria.tezeren.net\/#\/schema\/logo\/image\/","url":"https:\/\/mlfkc68uimex.i.optimole.com\/w:256\/h:128\/q:mauto\/f:best\/https:\/\/veloria.tezeren.net\/wp-content\/uploads\/2025\/12\/VELORIA-Black-Ellypse-256-x-128-px.png","contentUrl":"https:\/\/mlfkc68uimex.i.optimole.com\/w:256\/h:128\/q:mauto\/f:best\/https:\/\/veloria.tezeren.net\/wp-content\/uploads\/2025\/12\/VELORIA-Black-Ellypse-256-x-128-px.png","width":256,"height":128,"caption":"Veloria-Club"},"image":{"@id":"https:\/\/veloria.tezeren.net\/#\/schema\/logo\/image\/"}}]}},"_links":{"self":[{"href":"https:\/\/veloria.tezeren.net\/index.php\/wp-json\/wp\/v2\/pages\/682","targetHints":{"allow":["GET"]}}],"collection":[{"href":"https:\/\/veloria.tezeren.net\/index.php\/wp-json\/wp\/v2\/pages"}],"about":[{"href":"https:\/\/veloria.tezeren.net\/index.php\/wp-json\/wp\/v2\/types\/page"}],"author":[{"embeddable":true,"href":"https:\/\/veloria.tezeren.net\/index.php\/wp-json\/wp\/v2\/users\/1"}],"replies":[{"embeddable":true,"href":"https:\/\/veloria.tezeren.net\/index.php\/wp-json\/wp\/v2\/comments?post=682"}],"version-history":[{"count":8,"href":"https:\/\/veloria.tezeren.net\/index.php\/wp-json\/wp\/v2\/pages\/682\/revisions"}],"predecessor-version":[{"id":1040,"href":"https:\/\/veloria.tezeren.net\/index.php\/wp-json\/wp\/v2\/pages\/682\/revisions\/1040"}],"wp:attachment":[{"href":"https:\/\/veloria.tezeren.net\/index.php\/wp-json\/wp\/v2\/media?parent=682"}],"curies":[{"name":"wp","href":"https:\/\/api.w.org\/{rel}","templated":true}]}}